{"id":2959,"date":"2025-02-05T10:21:25","date_gmt":"2025-02-05T10:21:25","guid":{"rendered":"https:\/\/lasentine.com\/?page_id=2959"},"modified":"2025-12-01T12:44:48","modified_gmt":"2025-12-01T12:44:48","slug":"voyages-de-la-sentine","status":"publish","type":"page","link":"https:\/\/lasentine.com\/?page_id=2959","title":{"rendered":"Les voyages des randonn\u00e9es de la sentine"},"content":{"rendered":"\n<h3 class=\"wp-block-heading\"><a href=\"https:\/\/lasentine.com\/wp-content\/uploads\/2025\/03\/Programme.pdf\">2026 &#8211; Cote d&rsquo;Opale du 24 avril au 1 mai 202<\/a>6<\/h3>\n\n\n\n<p><a href=\"https:\/\/lasentine.com\/wp-content\/uploads\/2025\/03\/Programme.pdf\">2025 &#8211; Saint Nabor (Alsace) du 26 avril au 3 mai 2025<\/a><\/p>\n\n\n\n<p><a href=\"https:\/\/lasentine.com\/wp-content\/uploads\/2025\/02\/2024-Terrou.pptx\">2024 &#8211; Terrou (Lot) du 6 au 13 avril 2024<\/a><\/p>\n\n\n\n<p><a href=\"https:\/\/lasentine.com\/wp-content\/uploads\/2025\/02\/2023-Agon-Coutainville.pptx\">2023 &#8211; Agon-Coutainville (La Manche)<\/a> du 22 au 29 avril 2023<\/p>\n\n\n\n<p><a href=\"https:\/\/lasentine.com\/wp-content\/uploads\/2025\/02\/2022-Crozon.pptx\">2022 &#8211; Crozon (Finist\u00e8re)<\/a> &#8211; 52 participants<\/p>\n\n\n\n<p><a href=\"https:\/\/lasentine.com\/wp-content\/uploads\/2025\/02\/2019-Andorre.pptx\">2019 &#8211; Andorre<\/a> du 27 avril au 4 mai 2019<\/p>\n\n\n\n<p><a href=\"https:\/\/lasentine.com\/wp-content\/uploads\/2025\/02\/2018-La-Breole.pptx\">2018 &#8211; La Br\u00e9ole (Alpes de Haute Provence)<\/a> du 28 avril au 5 mai 2018<\/p>\n\n\n\n<p><a href=\"https:\/\/lasentine.com\/wp-content\/uploads\/2025\/02\/2017-Super-Besse.pptx\">2017 &#8211; Super Besse (Auvergne) du 29 avril au 6 mai 2017<\/a> <\/p>\n\n\n\n<p><a href=\"https:\/\/lasentine.com\/wp-content\/uploads\/2025\/02\/2016-Samoens.pptx\">2016 &#8211; Samo\u00ebns (Hautes Savoie) du 30 avril au 7 mai 2016<\/a> &#8211; 52 participants<\/p>\n\n\n\n<p><a href=\"https:\/\/lasentine.com\/wp-content\/uploads\/2025\/02\/2015-Ste-Maxime.pptx\">2015 &#8211; Sainte Maxime (Var) du 2 au 9 mai 2015<\/a> &#8211; 55 participants<\/p>\n\n\n\n<p><a href=\"https:\/\/lasentine.com\/?attachment_id=2963\" data-type=\"link\" data-id=\"https:\/\/lasentine.com\/?attachment_id=2963\">2014 &#8211; Les Pyr\u00e9n\u00e9es orientales Le Barcar\u00e8s du 4 au 11 mai 2014<\/a> &#8211; 55 participants<\/p>\n\n\n\n<p><a href=\"https:\/\/lasentine.com\/wp-content\/uploads\/2025\/03\/2013-Sarre-pays-basque.pptx\">2013 &#8211; Sarre &#8211; Pays Basque<\/a><\/p>\n\n\n\n<p><a href=\"https:\/\/lasentine.com\/wp-content\/uploads\/2025\/03\/2012-Ardeche-Vogue.pptx\">2012 &#8211; L&rsquo; Ard\u00e8che &#8211; Vog\u00fc\u00e9<\/a><\/p>\n\n\n\n<p><a href=\"https:\/\/lasentine.com\/wp-content\/uploads\/2025\/03\/2011-le-haut-jura-et-la-suisse.pptx\">2011 &#8211; Le Haut Jura et la Suisse<\/a><\/p>\n\n\n\n<p><a href=\"https:\/\/lasentine.com\/wp-content\/uploads\/2025\/03\/2010-Aveyron-Najac.pptx\">2010 &#8211; L&rsquo; Aveyron &#8211; Najac<\/a><\/p>\n\n\n\n<p><a href=\"https:\/\/lasentine.com\/wp-content\/uploads\/2025\/03\/2009-haute-savoie-Sevrier.pptx\">2009 &#8211; La Haute Savoie &#8211; S\u00e9vrier<\/a><\/p>\n\n\n\n<p><a href=\"https:\/\/lasentine.com\/wp-content\/uploads\/2025\/03\/2008-VOSGES-ALSACE.pptx\">2008 &#8211; Les Vosges &#8211; Alsace<\/a><\/p>\n\n\n\n<p><a href=\"https:\/\/lasentine.com\/wp-content\/uploads\/2025\/03\/2007-alpes-du-haute-provence.pptx\">2007 &#8211; Les Alpes de Haute Provence &#8211; Digne les Bains<\/a><\/p>\n\n\n\n<p><a href=\"https:\/\/lasentine.com\/wp-content\/uploads\/2025\/03\/2006-bretagne-loctudy.pptx\">2006 &#8211; La Bretagne &#8211; Loctudy<\/a><\/p>\n\n\n\n<p><a href=\"https:\/\/lasentine.com\/wp-content\/uploads\/2025\/03\/2005-cauterets.pptx\">2005 &#8211; Les Pyr\u00e9n\u00e9es &#8211; Cauterets<\/a><\/p>\n\n\n\n<p><a href=\"https:\/\/lasentine.com\/wp-content\/uploads\/2025\/03\/2004-gorges-du-tarn.pptx\">2004 &#8211; Les gorges du Tarn et les Causses<\/a> &#8211; La Canourgue<\/p>\n\n\n\n<p><a href=\"https:\/\/lasentine.com\/wp-content\/uploads\/2025\/03\/2003-CANTAL-\u2013-Au-sommet-du-Puy-Mary.ppt\">2003 &#8211; Le Cantal<\/a> &#8211; Le Lioran<\/p>\n\n\n\n<p><a href=\"https:\/\/lasentine.com\/wp-content\/uploads\/2025\/03\/2002-\u2013-COTE-DE-GRANIT-ROSE-Cotes.ppt\">2002 &#8211; Les C\u00f4tes d&rsquo;Armor &#8211; Les c\u00f4tes de granit rose<\/a> &#8211; Perros-Guirec<\/p>\n\n\n\n<p><a href=\"https:\/\/lasentine.com\/wp-content\/uploads\/2025\/03\/2001-Strasbourg-1.pptx\">2001 &#8211; L&rsquo; Alsace &#8211; Strasbourg<\/a> &#8211; Euro randos &#8211; Handlau<\/p>\n\n\n\n<p><\/p>\n\n\n\n<p><\/p>\n\n\n\n<p><\/p>\n\n\n\n<p><\/p>\n\n\n\n<p><\/p>\n\n\n\n<p><\/p>\n\n\n\n<p><\/p>\n\n\n\n<p><\/p>\n\n\n\n<p><\/p>\n\n\n\n<p><\/p>\n","protected":false},"excerpt":{"rendered":"<p>2026 &#8211; Cote d&rsquo;Opale du 24 avril au 1 mai 2026 2025 &#8211; Saint Nabor (Alsace) du 26 avril au 3 mai 2025 2024 &#8211; Terrou (Lot) du 6 au 13 avril 2024 2023 &#8211; Agon-Coutainville (La Manche) du 22 au 29 avril 2023 2022 &#8211; Crozon (Finist\u00e8re) &#8211; 52 participants 2019 &#8211; Andorre du&hellip;<\/p>\n","protected":false},"author":4,"featured_media":0,"parent":0,"menu_order":0,"comment_status":"closed","ping_status":"closed","template":"","meta":{"footnotes":""},"class_list":["post-2959","page","type-page","status-publish","hentry","description-off"],"_links":{"self":[{"href":"https:\/\/lasentine.com\/index.php?rest_route=\/wp\/v2\/pages\/2959","targetHints":{"allow":["GET"]}}],"collection":[{"href":"https:\/\/lasentine.com\/index.php?rest_route=\/wp\/v2\/pages"}],"about":[{"href":"https:\/\/lasentine.com\/index.php?rest_route=\/wp\/v2\/types\/page"}],"author":[{"embeddable":true,"href":"https:\/\/lasentine.com\/index.php?rest_route=\/wp\/v2\/users\/4"}],"replies":[{"embeddable":true,"href":"https:\/\/lasentine.com\/index.php?rest_route=%2Fwp%2Fv2%2Fcomments&post=2959"}],"version-history":[{"count":39,"href":"https:\/\/lasentine.com\/index.php?rest_route=\/wp\/v2\/pages\/2959\/revisions"}],"predecessor-version":[{"id":3183,"href":"https:\/\/lasentine.com\/index.php?rest_route=\/wp\/v2\/pages\/2959\/revisions\/3183"}],"wp:attachment":[{"href":"https:\/\/lasentine.com\/index.php?rest_route=%2Fwp%2Fv2%2Fmedia&parent=2959"}],"curies":[{"name":"wp","href":"https:\/\/api.w.org\/{rel}","templated":true}]}}